{"id":301,"date":"2023-06-26T07:13:33","date_gmt":"2023-06-26T07:13:33","guid":{"rendered":"https:\/\/www.tulagihotel.com\/thfi\/?page_id=301"},"modified":"2023-06-26T07:25:43","modified_gmt":"2023-06-26T07:25:43","slug":"tuhkat","status":"publish","type":"page","link":"http:\/\/www.tulagihotel.com\/thfi\/tuhkat\/","title":{"rendered":"Tuhkat"},"content":{"rendered":"<div class=\"wp-block-image\">\n<figure class=\"alignright size-full\"><a href=\"http:\/\/www.tulagihotel.com\/thfi\/wp-content\/uploads\/2023\/06\/tuhkat.jpg\"><img loading=\"lazy\" decoding=\"async\" width=\"432\" height=\"657\" src=\"http:\/\/www.tulagihotel.com\/thfi\/wp-content\/uploads\/2023\/06\/tuhkat.jpg\" alt=\"\" class=\"wp-image-303\" srcset=\"http:\/\/www.tulagihotel.com\/thfi\/wp-content\/uploads\/2023\/06\/tuhkat.jpg 432w, http:\/\/www.tulagihotel.com\/thfi\/wp-content\/uploads\/2023\/06\/tuhkat-197x300.jpg 197w\" sizes=\"auto, (max-width: 432px) 100vw, 432px\" \/><\/a><\/figure>\n<\/div>\n\n\n<p>Tuhkat on uusi romaanini, joka julkaistiin \u00e4\u00e4nikirjana, s\u00e4hk\u00f6isen\u00e4 kirjana ja my\u00f6s painettuna kes\u00e4kuussa 2023. <\/p>\n\n\n\n<p>T\u00e4ss\u00e4 on kustantajan esittely kirjasta:<\/p>\n\n\n\n<blockquote class=\"wp-block-quote is-layout-flow wp-block-quote-is-layout-flow\">\n<p>Tragikoomisen hauska, l\u00e4mmin ja salakavalan liikuttava tarina yhden miehen pitk\u00e4st\u00e4 matkasta l\u00e4pi sotkuisten ihmissuhteiden kohti omaa itse\u00e4\u00e4n<br>Pekka Haarakosken el\u00e4m\u00e4 on asettunut syviin ja muuttumattomiin uomiinsa. Vastuullista ty\u00f6t\u00e4 tasapainottaa edesvastuuton is\u00e4, jonka h\u00e4n luuli j\u00e4tt\u00e4neens\u00e4 tarpeettomana taakseen, kunnes is\u00e4 vuosien j\u00e4lkeen ottaa yhteytt\u00e4 ja kertoo olevansa el\u00e4m\u00e4n loppusuoralla.<\/p>\n\n\n\n<p>Pekka ei n\u00e4e tarvetta matkustaa Espanjaan asti avaamaan vanhoja haavoja, mutta jokin is\u00e4n puhelussa saa h\u00e4net kuittaamaan k\u00e4ytt\u00e4m\u00e4tt\u00f6m\u00e4t lomap\u00e4iv\u00e4t ja suuntaamaan halpalentoyhti\u00f6n siivin kohti M\u00e1lagaa. Perill\u00e4 h\u00e4nt\u00e4 odottaa paperiton kodinhoitaja, korttiringillinen el\u00e4kel\u00e4isi\u00e4, muovikassillinen k\u00e4teist\u00e4 rahaa, sotkuinen kuolinpes\u00e4 ja keskener\u00e4inen Rojekti. Is\u00e4n toiveet j\u00e4\u00e4v\u00e4t kuulematta, mutta h\u00e4nen yst\u00e4v\u00e4piirins\u00e4 tiet\u00e4\u00e4, miksi Pekka kutsuttiin paikalle.<\/p>\n\n\n\n<p>Islannissa purkautuva tulivuori hiljent\u00e4\u00e4 Euroopan taivaat ja sekoittaa paluumatkasuunnitelmat. Pekalle j\u00e4\u00e4 ainoaksi vaihtoehdoksi junamatka halki Euroopan tuhkauurna kainalossaan. Matkalla on hyvin aikaa koota ajatuksia ja suvun palapelin palasia, ja ehk\u00e4p\u00e4 asetella my\u00f6s omaa el\u00e4m\u00e4\u00e4 uusille raiteille.<\/p>\n<\/blockquote>\n\n\n\n<p><strong>Linkit kirjaan:<\/strong><\/p>\n\n\n\n<p><a href=\"https:\/\/www.storytel.com\/fi\/books\/tuhkat-2161760\" target=\"_blank\" rel=\"noreferrer noopener\">Storytel<\/a><\/p>\n\n\n\n<p><a href=\"https:\/\/kirja.elisa.fi\/aanikirja\/tuhkat\" target=\"_blank\" rel=\"noreferrer noopener\">Elisa Kirja<\/a><\/p>\n\n\n\n<p><a href=\"https:\/\/www.bookbeat.com\/book\/903595\" target=\"_blank\" rel=\"noreferrer noopener\">BookBeat<\/a><\/p>\n\n\n\n<p><a href=\"https:\/\/catalog-fi.nextory.com\/kirja\/tuhkat-11801256\/\" target=\"_blank\" rel=\"noreferrer noopener\">Nextory<\/a><\/p>\n\n\n\n<p><a href=\"https:\/\/www.suomalainen.com\/products\/tuhkat-2?variant=40437781594201&amp;currency=EUR&amp;gclid=Cj0KCQjw7uSkBhDGARIsAMCZNJsY2TOo3i8FWFstFnjyHpwbJDVEAoWUUMjaaB_qr5hu_D4vGuCwEzAaAhGtEALw_wcB\" target=\"_blank\" rel=\"noreferrer noopener\">Suomalainen kirjakauppa<\/a><\/p>\n\n\n\n<p><a href=\"https:\/\/www.prisma.fi\/tuotteet\/110704457\/hietala-tuhkat-110704457\" target=\"_blank\" rel=\"noreferrer noopener\">Prisman verkkokauppa<\/a><\/p>\n\n\n\n<p><a href=\"https:\/\/akateeminenwebshop.com\/tuote\/heikki_hietala\/tuhkat\/9789527343920\" target=\"_blank\" rel=\"noreferrer noopener\">Akateeminen kirjakauppa<\/a><\/p>\n<div class=\"pvc_clear\"><\/div><p id=\"pvc_stats_301\" class=\"pvc_stats all  \" data-element-id=\"301\" style=\"\"><i class=\"pvc-stats-icon medium\" aria-hidden=\"true\"><svg aria-hidden=\"true\" focusable=\"false\" data-prefix=\"far\" data-icon=\"chart-bar\" role=\"img\" xmlns=\"http:\/\/www.w3.org\/2000\/svg\" viewBox=\"0 0 512 512\" class=\"svg-inline--fa fa-chart-bar fa-w-16 fa-2x\"><path fill=\"currentColor\" d=\"M396.8 352h22.4c6.4 0 12.8-6.4 12.8-12.8V108.8c0-6.4-6.4-12.8-12.8-12.8h-22.4c-6.4 0-12.8 6.4-12.8 12.8v230.4c0 6.4 6.4 12.8 12.8 12.8zm-192 0h22.4c6.4 0 12.8-6.4 12.8-12.8V140.8c0-6.4-6.4-12.8-12.8-12.8h-22.4c-6.4 0-12.8 6.4-12.8 12.8v198.4c0 6.4 6.4 12.8 12.8 12.8zm96 0h22.4c6.4 0 12.8-6.4 12.8-12.8V204.8c0-6.4-6.4-12.8-12.8-12.8h-22.4c-6.4 0-12.8 6.4-12.8 12.8v134.4c0 6.4 6.4 12.8 12.8 12.8zM496 400H48V80c0-8.84-7.16-16-16-16H16C7.16 64 0 71.16 0 80v336c0 17.67 14.33 32 32 32h464c8.84 0 16-7.16 16-16v-16c0-8.84-7.16-16-16-16zm-387.2-48h22.4c6.4 0 12.8-6.4 12.8-12.8v-70.4c0-6.4-6.4-12.8-12.8-12.8h-22.4c-6.4 0-12.8 6.4-12.8 12.8v70.4c0 6.4 6.4 12.8 12.8 12.8z\" class=\"\"><\/path><\/svg><\/i> <img loading=\"lazy\" decoding=\"async\" width=\"16\" height=\"16\" alt=\"Loading\" src=\"http:\/\/www.tulagihotel.com\/thfi\/wp-content\/plugins\/page-views-count\/ajax-loader-2x.gif\" border=0 \/><\/p><div class=\"pvc_clear\"><\/div>","protected":false},"excerpt":{"rendered":"<p>Tuhkat on uusi romaanini, joka julkaistiin \u00e4\u00e4nikirjana, s\u00e4hk\u00f6isen\u00e4 kirjana ja my\u00f6s painettuna kes\u00e4kuussa 2023. T\u00e4ss\u00e4 on kustantajan esittely kirjasta: Tragikoomisen hauska, l\u00e4mmin ja salakavalan liikuttava tarina yhden miehen pitk\u00e4st\u00e4 matkasta l\u00e4pi sotkuisten ihmissuhteiden kohti omaa itse\u00e4\u00e4nPekka Haarakosken el\u00e4m\u00e4 on asettunut syviin ja muuttumattomiin uomiinsa. Vastuullista ty\u00f6t\u00e4 tasapainottaa edesvastuuton is\u00e4, jonka h\u00e4n luuli j\u00e4tt\u00e4neens\u00e4 tarpeettomana taakseen, [&hellip;]<\/p>\n<div class=\"pvc_clear\"><\/div>\n<p id=\"pvc_stats_301\" class=\"pvc_stats all  \" data-element-id=\"301\" style=\"\"><i class=\"pvc-stats-icon medium\" aria-hidden=\"true\"><svg aria-hidden=\"true\" focusable=\"false\" data-prefix=\"far\" data-icon=\"chart-bar\" role=\"img\" xmlns=\"http:\/\/www.w3.org\/2000\/svg\" viewBox=\"0 0 512 512\" class=\"svg-inline--fa fa-chart-bar fa-w-16 fa-2x\"><path fill=\"currentColor\" d=\"M396.8 352h22.4c6.4 0 12.8-6.4 12.8-12.8V108.8c0-6.4-6.4-12.8-12.8-12.8h-22.4c-6.4 0-12.8 6.4-12.8 12.8v230.4c0 6.4 6.4 12.8 12.8 12.8zm-192 0h22.4c6.4 0 12.8-6.4 12.8-12.8V140.8c0-6.4-6.4-12.8-12.8-12.8h-22.4c-6.4 0-12.8 6.4-12.8 12.8v198.4c0 6.4 6.4 12.8 12.8 12.8zm96 0h22.4c6.4 0 12.8-6.4 12.8-12.8V204.8c0-6.4-6.4-12.8-12.8-12.8h-22.4c-6.4 0-12.8 6.4-12.8 12.8v134.4c0 6.4 6.4 12.8 12.8 12.8zM496 400H48V80c0-8.84-7.16-16-16-16H16C7.16 64 0 71.16 0 80v336c0 17.67 14.33 32 32 32h464c8.84 0 16-7.16 16-16v-16c0-8.84-7.16-16-16-16zm-387.2-48h22.4c6.4 0 12.8-6.4 12.8-12.8v-70.4c0-6.4-6.4-12.8-12.8-12.8h-22.4c-6.4 0-12.8 6.4-12.8 12.8v70.4c0 6.4 6.4 12.8 12.8 12.8z\" class=\"\"><\/path><\/svg><\/i> <img loading=\"lazy\" decoding=\"async\" width=\"16\" height=\"16\" alt=\"Loading\" src=\"http:\/\/www.tulagihotel.com\/thfi\/wp-content\/plugins\/page-views-count\/ajax-loader-2x.gif\" border=0 \/><\/p>\n<div class=\"pvc_clear\"><\/div>\n","protected":false},"author":1,"featured_media":0,"parent":0,"menu_order":0,"comment_status":"closed","ping_status":"closed","template":"","meta":{"jetpack_post_was_ever_published":false,"footnotes":""},"class_list":["post-301","page","type-page","status-publish","hentry","post-preview"],"jetpack_sharing_enabled":true,"jetpack_shortlink":"https:\/\/wp.me\/P6vaST-4R","_links":{"self":[{"href":"http:\/\/www.tulagihotel.com\/thfi\/wp-json\/wp\/v2\/pages\/301","targetHints":{"allow":["GET"]}}],"collection":[{"href":"http:\/\/www.tulagihotel.com\/thfi\/wp-json\/wp\/v2\/pages"}],"about":[{"href":"http:\/\/www.tulagihotel.com\/thfi\/wp-json\/wp\/v2\/types\/page"}],"author":[{"embeddable":true,"href":"http:\/\/www.tulagihotel.com\/thfi\/wp-json\/wp\/v2\/users\/1"}],"replies":[{"embeddable":true,"href":"http:\/\/www.tulagihotel.com\/thfi\/wp-json\/wp\/v2\/comments?post=301"}],"version-history":[{"count":4,"href":"http:\/\/www.tulagihotel.com\/thfi\/wp-json\/wp\/v2\/pages\/301\/revisions"}],"predecessor-version":[{"id":312,"href":"http:\/\/www.tulagihotel.com\/thfi\/wp-json\/wp\/v2\/pages\/301\/revisions\/312"}],"wp:attachment":[{"href":"http:\/\/www.tulagihotel.com\/thfi\/wp-json\/wp\/v2\/media?parent=301"}],"curies":[{"name":"wp","href":"https:\/\/api.w.org\/{rel}","templated":true}]}}