{"id":71,"date":"2015-07-02T18:10:08","date_gmt":"2015-07-02T18:10:08","guid":{"rendered":"http:\/\/www.tulagihotel.com\/thfi\/?page_id=71"},"modified":"2023-06-26T07:15:56","modified_gmt":"2023-06-26T07:15:56","slug":"etusivu","status":"publish","type":"page","link":"http:\/\/www.tulagihotel.com\/thfi\/","title":{"rendered":"Etusivu"},"content":{"rendered":"<div id=\"attachment_60\" style=\"width: 310px\" class=\"wp-caption alignleft\"><a href=\"http:\/\/www.tulagihotel.com\/thfi\/wp-content\/uploads\/2015\/07\/2013-05-14-12.08.03.jpg\"><img loading=\"lazy\" decoding=\"async\" aria-describedby=\"caption-attachment-60\" class=\"size-medium wp-image-60\" src=\"http:\/\/www.tulagihotel.com\/thfi\/wp-content\/uploads\/2015\/07\/2013-05-14-12.08.03-300x200.jpg\" alt=\"Heikki Hietala\" width=\"300\" height=\"200\" srcset=\"http:\/\/www.tulagihotel.com\/thfi\/wp-content\/uploads\/2015\/07\/2013-05-14-12.08.03-300x200.jpg 300w, http:\/\/www.tulagihotel.com\/thfi\/wp-content\/uploads\/2015\/07\/2013-05-14-12.08.03-1024x681.jpg 1024w, http:\/\/www.tulagihotel.com\/thfi\/wp-content\/uploads\/2015\/07\/2013-05-14-12.08.03-676x450.jpg 676w\" sizes=\"auto, (max-width: 300px) 100vw, 300px\" \/><\/a><p id=\"caption-attachment-60\" class=\"wp-caption-text\">Heikki Hietala<\/p><\/div>\n<p><strong>UUTISIA: Uusi romaanini Tuhkat on juuri julkaistu. Siit\u00e4 on lis\u00e4tietoa <a href=\"https:\/\/www.tulagihotel.com\/thfi\/tuhkat\/\">t\u00e4ll\u00e4 sivulla.<\/a><\/strong><\/p>\n<p>Hotelli Tulagi on esikoisromaanini, ja se on my\u00f6s ensimm\u00e4inen suomenkielisen kirjoittajan englanniksi Suomen ulkopuolella julkaisema romaani. Kirja kertoo Yhdysvaltain merijalkav\u00e4en lent\u00e4j\u00e4-\u00e4ss\u00e4n Jack McGuiren tarinan.<\/p>\n<p>Kirjassa McGuire palaa entisille taistelupaikoilleen Salomonsaarille toisen maailmansodan j\u00e4lkeen. H\u00e4n perustaa hotellin paratiisisaarille, joiden hallinnasta h\u00e4n aikanaan taisteli japanilaisten kanssa.<\/p>\n<p>Hotelli Tulagi tuli ensimm\u00e4isen kustantajansa, Dragon International Independent Artsin (DIIArts), tietoisuuteen HarperCollins-kustantamon Authonomy-verkkopalvelussa. Siell\u00e4 Hotelli Tulagi nousi lukijoiden arvostuksen perusteella 15 suosituimman joukkoon yli kahdeksan tuhannen k\u00e4sikirjoituksen joukosta.<\/p>\n<p>Sittemmin kirjan julkaisi PfoxChase Publishing Yhdysvalloissa, ja sen englanninkielisi\u00e4\u00a0oikeuksia hallitsee t\u00e4ll\u00e4 hetkell\u00e4 englantilainen <a href=\"http:\/\/www.fingerpress.co.uk\">Fingerpress Publishing Ltd<\/a>. Suomenkieliset oikeudet omistaa <a href=\"http:\/\/www.sitruunakustannus.fi\">Sitruuna Kustannus Oy<\/a>.<\/p>\n<div id=\"attachment_9\" style=\"width: 210px\" class=\"wp-caption alignright\"><a href=\"http:\/\/www.tulagihotel.com\/thfi\/wp-content\/uploads\/2015\/06\/smallFinnish.jpg\"><img loading=\"lazy\" decoding=\"async\" aria-describedby=\"caption-attachment-9\" class=\"size-medium wp-image-9\" src=\"http:\/\/www.tulagihotel.com\/thfi\/wp-content\/uploads\/2015\/06\/smallFinnish-200x300.jpg\" alt=\"Suomalainen kansi\" width=\"200\" height=\"300\" \/><\/a><p id=\"caption-attachment-9\" class=\"wp-caption-text\">Suomalainen kansi<\/p><\/div>\n<p>Hotelli Tulagi syntyi monivuotisen sotahistorian ja populaarikulttuurin harrastukseni tuloksena. Minua\u00a0on aina kiinnostanut se, ett\u00e4 vaikka valtiot sotivat, taisteluita k\u00e4yv\u00e4t yksityiset ihmiset, joihin sota vaikuttaa. Pienen ihmisen kohtalo sodan sumussa on toki paljon k\u00e4ytetty aihe, mutta siit\u00e4 l\u00f6ytyy aina uusia puolia, joita voi tarinassa k\u00e4ytt\u00e4\u00e4. Kieleksi valitsin\u00a0englannin, koska aihepiiri on kaukana Suomesta. Olisi ollut kaksin verroin hankalaa saada kirja ensin kustannetuksi Suomessa ja myydyksi sitten ulkomaille.<\/p>\n<p>Kirja ilmestyi elokuussa 2014 suomeksi Seppo Raudaskosken asiantuntevana k\u00e4\u00e4nn\u00f6ksen\u00e4.<\/p>\n<p><strong>JA JUURI NYT:<\/strong><\/p>\n<p>\u00c4\u00e4nikirja on julkaistu kaikissa keskeisiss\u00e4 kirjakaupoissa &#8211; <a href=\"https:\/\/www.bookbeat.fi\/kirja\/hotelli-tulagi-73327\">t\u00e4ss\u00e4 Bookbeatin linkki<\/a>.<\/p>\n<p><em>Linkkej\u00e4:<\/em><\/p>\n<p>Kirjailijan <a href=\"https:\/\/www.facebook.com\/kirjailijaheikkihietala\" target=\"_blank\" rel=\"noopener\">Facebook-sivu<\/a><\/p>\n<p>Kirjan <a href=\"https:\/\/www.facebook.com\/pages\/Tulagi-Hotel-the-book\/289819135445\" target=\"_blank\" rel=\"noopener\">englanninkieliseen laitokseen<\/a> liittyv\u00e4 Facebook-sivu<\/p>\n<p>Kirjailijan <a href=\"https:\/\/www.facebook.com\/pages\/Author-Heikki-Hietala\/144851795582106\" target=\"_blank\" rel=\"noopener\">englanninkielinen Facebook-sivu<\/a><\/p>\n<p>Kirjan sivu <a href=\"http:\/\/www.amazon.com\/Tulagi-Hotel-Romance-Adventure-ebook\/dp\/B009ISHPDK\/ref=cm_cr_pr_product_top\" target=\"_blank\" rel=\"noopener\">Amazon-kirjakaupassa<\/a><\/p>\n<div class=\"pvc_clear\"><\/div>\n<p id=\"pvc_stats_71\" class=\"pvc_stats all  \" data-element-id=\"71\" style=\"\"><i class=\"pvc-stats-icon medium\" aria-hidden=\"true\"><svg aria-hidden=\"true\" focusable=\"false\" data-prefix=\"far\" data-icon=\"chart-bar\" role=\"img\" xmlns=\"http:\/\/www.w3.org\/2000\/svg\" viewBox=\"0 0 512 512\" class=\"svg-inline--fa fa-chart-bar fa-w-16 fa-2x\"><path fill=\"currentColor\" d=\"M396.8 352h22.4c6.4 0 12.8-6.4 12.8-12.8V108.8c0-6.4-6.4-12.8-12.8-12.8h-22.4c-6.4 0-12.8 6.4-12.8 12.8v230.4c0 6.4 6.4 12.8 12.8 12.8zm-192 0h22.4c6.4 0 12.8-6.4 12.8-12.8V140.8c0-6.4-6.4-12.8-12.8-12.8h-22.4c-6.4 0-12.8 6.4-12.8 12.8v198.4c0 6.4 6.4 12.8 12.8 12.8zm96 0h22.4c6.4 0 12.8-6.4 12.8-12.8V204.8c0-6.4-6.4-12.8-12.8-12.8h-22.4c-6.4 0-12.8 6.4-12.8 12.8v134.4c0 6.4 6.4 12.8 12.8 12.8zM496 400H48V80c0-8.84-7.16-16-16-16H16C7.16 64 0 71.16 0 80v336c0 17.67 14.33 32 32 32h464c8.84 0 16-7.16 16-16v-16c0-8.84-7.16-16-16-16zm-387.2-48h22.4c6.4 0 12.8-6.4 12.8-12.8v-70.4c0-6.4-6.4-12.8-12.8-12.8h-22.4c-6.4 0-12.8 6.4-12.8 12.8v70.4c0 6.4 6.4 12.8 12.8 12.8z\" class=\"\"><\/path><\/svg><\/i> <img loading=\"lazy\" decoding=\"async\" width=\"16\" height=\"16\" alt=\"Loading\" src=\"http:\/\/www.tulagihotel.com\/thfi\/wp-content\/plugins\/page-views-count\/ajax-loader-2x.gif\" border=0 \/><\/p>\n<div class=\"pvc_clear\"><\/div>\n","protected":false},"excerpt":{"rendered":"<p>UUTISIA: Uusi romaanini Tuhkat on juuri julkaistu. Siit\u00e4 on lis\u00e4tietoa t\u00e4ll\u00e4 sivulla. Hotelli Tulagi on esikoisromaanini, ja se on my\u00f6s ensimm\u00e4inen suomenkielisen kirjoittajan englanniksi Suomen ulkopuolella julkaisema romaani. Kirja kertoo Yhdysvaltain merijalkav\u00e4en lent\u00e4j\u00e4-\u00e4ss\u00e4n Jack McGuiren tarinan. Kirjassa McGuire palaa entisille taistelupaikoilleen Salomonsaarille toisen maailmansodan j\u00e4lkeen. H\u00e4n perustaa hotellin paratiisisaarille, joiden hallinnasta h\u00e4n aikanaan taisteli japanilaisten [&hellip;]<\/p>\n<div class=\"pvc_clear\"><\/div>\n<p id=\"pvc_stats_71\" class=\"pvc_stats all  \" data-element-id=\"71\" style=\"\"><i class=\"pvc-stats-icon medium\" aria-hidden=\"true\"><svg aria-hidden=\"true\" focusable=\"false\" data-prefix=\"far\" data-icon=\"chart-bar\" role=\"img\" xmlns=\"http:\/\/www.w3.org\/2000\/svg\" viewBox=\"0 0 512 512\" class=\"svg-inline--fa fa-chart-bar fa-w-16 fa-2x\"><path fill=\"currentColor\" d=\"M396.8 352h22.4c6.4 0 12.8-6.4 12.8-12.8V108.8c0-6.4-6.4-12.8-12.8-12.8h-22.4c-6.4 0-12.8 6.4-12.8 12.8v230.4c0 6.4 6.4 12.8 12.8 12.8zm-192 0h22.4c6.4 0 12.8-6.4 12.8-12.8V140.8c0-6.4-6.4-12.8-12.8-12.8h-22.4c-6.4 0-12.8 6.4-12.8 12.8v198.4c0 6.4 6.4 12.8 12.8 12.8zm96 0h22.4c6.4 0 12.8-6.4 12.8-12.8V204.8c0-6.4-6.4-12.8-12.8-12.8h-22.4c-6.4 0-12.8 6.4-12.8 12.8v134.4c0 6.4 6.4 12.8 12.8 12.8zM496 400H48V80c0-8.84-7.16-16-16-16H16C7.16 64 0 71.16 0 80v336c0 17.67 14.33 32 32 32h464c8.84 0 16-7.16 16-16v-16c0-8.84-7.16-16-16-16zm-387.2-48h22.4c6.4 0 12.8-6.4 12.8-12.8v-70.4c0-6.4-6.4-12.8-12.8-12.8h-22.4c-6.4 0-12.8 6.4-12.8 12.8v70.4c0 6.4 6.4 12.8 12.8 12.8z\" class=\"\"><\/path><\/svg><\/i> <img loading=\"lazy\" decoding=\"async\" width=\"16\" height=\"16\" alt=\"Loading\" src=\"http:\/\/www.tulagihotel.com\/thfi\/wp-content\/plugins\/page-views-count\/ajax-loader-2x.gif\" border=0 \/><\/p>\n<div class=\"pvc_clear\"><\/div>\n","protected":false},"author":1,"featured_media":0,"parent":0,"menu_order":0,"comment_status":"open","ping_status":"open","template":"","meta":{"jetpack_post_was_ever_published":false,"footnotes":""},"class_list":["post-71","page","type-page","status-publish","hentry","post-preview"],"jetpack_sharing_enabled":true,"jetpack_shortlink":"https:\/\/wp.me\/P6vaST-19","_links":{"self":[{"href":"http:\/\/www.tulagihotel.com\/thfi\/wp-json\/wp\/v2\/pages\/71","targetHints":{"allow":["GET"]}}],"collection":[{"href":"http:\/\/www.tulagihotel.com\/thfi\/wp-json\/wp\/v2\/pages"}],"about":[{"href":"http:\/\/www.tulagihotel.com\/thfi\/wp-json\/wp\/v2\/types\/page"}],"author":[{"embeddable":true,"href":"http:\/\/www.tulagihotel.com\/thfi\/wp-json\/wp\/v2\/users\/1"}],"replies":[{"embeddable":true,"href":"http:\/\/www.tulagihotel.com\/thfi\/wp-json\/wp\/v2\/comments?post=71"}],"version-history":[{"count":9,"href":"http:\/\/www.tulagihotel.com\/thfi\/wp-json\/wp\/v2\/pages\/71\/revisions"}],"predecessor-version":[{"id":309,"href":"http:\/\/www.tulagihotel.com\/thfi\/wp-json\/wp\/v2\/pages\/71\/revisions\/309"}],"wp:attachment":[{"href":"http:\/\/www.tulagihotel.com\/thfi\/wp-json\/wp\/v2\/media?parent=71"}],"curies":[{"name":"wp","href":"https:\/\/api.w.org\/{rel}","templated":true}]}}