{"id":36,"date":"2015-07-02T14:00:08","date_gmt":"2015-07-02T14:00:08","guid":{"rendered":"http:\/\/www.tulagihotel.com\/thfi\/?page_id=36"},"modified":"2016-10-26T15:07:41","modified_gmt":"2016-10-26T15:07:41","slug":"short-stories","status":"publish","type":"page","link":"https:\/\/www.tulagihotel.com\/thfi\/short-stories\/","title":{"rendered":"Novellit"},"content":{"rendered":"<div id=\"attachment_135\" style=\"width: 198px\" class=\"wp-caption alignleft\"><a href=\"http:\/\/www.tulagihotel.com\/thfi\/wp-content\/uploads\/2015\/07\/Mock-2.jpg\"><img loading=\"lazy\" decoding=\"async\" aria-describedby=\"caption-attachment-135\" class=\"size-medium wp-image-135\" src=\"http:\/\/www.tulagihotel.com\/thfi\/wp-content\/uploads\/2015\/07\/Mock-2-188x300.jpg\" alt=\"Novellikokoelma Filtered Light \" width=\"188\" height=\"300\" srcset=\"https:\/\/www.tulagihotel.com\/thfi\/wp-content\/uploads\/2015\/07\/Mock-2-188x300.jpg 188w, https:\/\/www.tulagihotel.com\/thfi\/wp-content\/uploads\/2015\/07\/Mock-2-640x1024.jpg 640w, https:\/\/www.tulagihotel.com\/thfi\/wp-content\/uploads\/2015\/07\/Mock-2-676x1082.jpg 676w, https:\/\/www.tulagihotel.com\/thfi\/wp-content\/uploads\/2015\/07\/Mock-2.jpg 1500w\" sizes=\"auto, (max-width: 188px) 100vw, 188px\" \/><\/a><p id=\"caption-attachment-135\" class=\"wp-caption-text\">Novellikokoelma Filtered Light<\/p><\/div>\n<p>Hotelli Tulagin lis\u00e4ksi olen\u00a0t\u00e4h\u00e4n menness\u00e4 kirjoittanut nelisenkymment\u00e4 novellia, joista kahdeksantoista on julkaistu Yhdysvalloissa kokoelmana Filtered Light and Other Stories. Kustantajani Englannissa julkaisi sen maaliskuussa 2016, ja kirjan kansi on t\u00e4ss\u00e4 vasemmalla.<\/p>\n<p>&nbsp;<\/p>\n<p>Sitruuna Kustannus julkaisi novellikokoelman suomeksi 25.10.2016, ja sen niminovelli &#8221;<a href=\"http:\/\/www.tulagihotel.com\/thfi\/viisto-valo\/\">Viisto valo<\/a>&#8221;on luettavissa ilmaiseksi t\u00e4ll\u00e4 sivustolla. Kokoelman k\u00e4\u00e4nsi Jaakko Kankaanp\u00e4\u00e4. Kirjan alaotsikko &#8221;novellilajitelma&#8221; kuvastaa sen tyylilajien kirjoa.\u00a0Mukana on historiallista fiktiota, perinteist\u00e4 englantilaista kauhua, muutama Flash fiction-teksti (alle 500 sanaa) ja jopa huumoria.<\/p>\n<div id=\"attachment_206\" style=\"width: 228px\" class=\"wp-caption alignleft\"><a href=\"http:\/\/www.tulagihotel.com\/thfi\/wp-content\/uploads\/2015\/07\/Viisto-Valo-kansi-final-2-WEB.jpg\"><img loading=\"lazy\" decoding=\"async\" aria-describedby=\"caption-attachment-206\" class=\"size-medium wp-image-206\" src=\"http:\/\/www.tulagihotel.com\/thfi\/wp-content\/uploads\/2015\/07\/Viisto-Valo-kansi-final-2-WEB-218x300.jpg\" alt=\"Viiston valon suomenkielinen kansi\" width=\"218\" height=\"300\" srcset=\"https:\/\/www.tulagihotel.com\/thfi\/wp-content\/uploads\/2015\/07\/Viisto-Valo-kansi-final-2-WEB-218x300.jpg 218w, https:\/\/www.tulagihotel.com\/thfi\/wp-content\/uploads\/2015\/07\/Viisto-Valo-kansi-final-2-WEB-768x1055.jpg 768w, https:\/\/www.tulagihotel.com\/thfi\/wp-content\/uploads\/2015\/07\/Viisto-Valo-kansi-final-2-WEB-745x1024.jpg 745w, https:\/\/www.tulagihotel.com\/thfi\/wp-content\/uploads\/2015\/07\/Viisto-Valo-kansi-final-2-WEB-676x929.jpg 676w, https:\/\/www.tulagihotel.com\/thfi\/wp-content\/uploads\/2015\/07\/Viisto-Valo-kansi-final-2-WEB.jpg 850w\" sizes=\"auto, (max-width: 218px) 100vw, 218px\" \/><\/a><p id=\"caption-attachment-206\" class=\"wp-caption-text\">Viiston valon suomenkielinen kansi<\/p><\/div>\n<p>&nbsp;<\/p>\n<p>T\u00e4ll\u00e4 hetkell\u00e4 Viisto valo on saatavana Elisa Kirjan s\u00e4hk\u00f6kirjana ja parin viikon p\u00e4\u00e4st\u00e4 my\u00f6s kirjan muodossa kaikista hyvinvarustetuista kirjakaupoista.<\/p>\n<p>&nbsp;<\/p>\n<p>&nbsp;<\/p>\n<p>Novelleja on ilmestynyt my\u00f6s kokoelmissa <a href=\"http:\/\/www.amazon.com\/Words-Music-Michael-Wells\/dp\/1456532081\" target=\"_blank\">Words to Music<\/a> ja Bits, Bobs, and Baubles 2009 sek\u00e4\u00a02010, sek\u00e4 parissa Year Zero Writersien kokoelmassa kuten <a href=\"http:\/\/www.smashwords.com\/books\/view\/3324\">Brief Objects of Beauty and Despair<\/a> sek\u00e4\u00a0<a href=\"http:\/\/www.smashwords.com\/books\/view\/7457\">Thirteen Shadows waiting for Sunrise<\/a>.<\/p>\n<p>&nbsp;<\/p>\n<div id=\"attachment_117\" style=\"width: 209px\" class=\"wp-caption alignleft\"><a href=\"http:\/\/www.tulagihotel.com\/thfi\/wp-content\/uploads\/2015\/07\/wordstomusic.jpg\"><img loading=\"lazy\" decoding=\"async\" aria-describedby=\"caption-attachment-117\" class=\"size-medium wp-image-117\" src=\"http:\/\/www.tulagihotel.com\/thfi\/wp-content\/uploads\/2015\/07\/wordstomusic-199x300.jpg\" alt=\"Words to Music -kokoelma\" width=\"199\" height=\"300\" srcset=\"https:\/\/www.tulagihotel.com\/thfi\/wp-content\/uploads\/2015\/07\/wordstomusic-199x300.jpg 199w, https:\/\/www.tulagihotel.com\/thfi\/wp-content\/uploads\/2015\/07\/wordstomusic-680x1024.jpg 680w, https:\/\/www.tulagihotel.com\/thfi\/wp-content\/uploads\/2015\/07\/wordstomusic-676x1018.jpg 676w, https:\/\/www.tulagihotel.com\/thfi\/wp-content\/uploads\/2015\/07\/wordstomusic.jpg 800w\" sizes=\"auto, (max-width: 199px) 100vw, 199px\" \/><\/a><p id=\"caption-attachment-117\" class=\"wp-caption-text\">Words to Music -kokoelma<\/p><\/div>\n<p>T\u00e4ll\u00e4 sivustolla on tarjolla viiden englanninkielisen novellin n\u00e4yte-PDF, <a href=\"http:\/\/www.tulagihotel.com\/thfi\/wp-content\/uploads\/2015\/07\/Short-story-sampler.pdf\">jonka voit halutessasi ladata<\/a>. Sen tarinat ovat:<\/p>\n<p>&nbsp;<\/p>\n<ul>\n<li>THE SUMMERHOUSE<\/li>\n<li>THE CAMPSITE vol 1 \u2013 FORSSA<\/li>\n<li>LORD STANTON\u2019S HORSE<\/li>\n<li>CARBON-BASED<\/li>\n<li>FILTERED LIGHT<\/li>\n<\/ul>\n<div id=\"attachment_119\" style=\"width: 221px\" class=\"wp-caption alignleft\"><a href=\"http:\/\/www.tulagihotel.com\/thfi\/wp-content\/uploads\/2015\/07\/usva.jpg\"><img loading=\"lazy\" decoding=\"async\" aria-describedby=\"caption-attachment-119\" class=\"size-medium wp-image-119\" src=\"http:\/\/www.tulagihotel.com\/thfi\/wp-content\/uploads\/2015\/07\/usva-211x300.jpg\" alt=\"Usva\" width=\"211\" height=\"300\" srcset=\"https:\/\/www.tulagihotel.com\/thfi\/wp-content\/uploads\/2015\/07\/usva-211x300.jpg 211w, https:\/\/www.tulagihotel.com\/thfi\/wp-content\/uploads\/2015\/07\/usva.jpg 522w\" sizes=\"auto, (max-width: 211px) 100vw, 211px\" \/><\/a><p id=\"caption-attachment-119\" class=\"wp-caption-text\">Usva<\/p><\/div>\n<p>Suomenkielisi\u00e4 n\u00e4ytenovelleja on olemassa esimerkiksi spekulatiivisen fiktion erikoislehden, <a href=\"http:\/\/www.usvazine.net\/usvazine112.pdf\" target=\"_blank\">Usvan, numerossa 1\/12<\/a>. T\u00e4m\u00e4 lehti sis\u00e4lt\u00e4\u00e4 novellin &#8221;L\u00e4hett\u00e4j\u00e4t&#8221;.<\/p>\n<p>Ty\u00f6n alla on kaikenlaista pient\u00e4 novellintynk\u00e4\u00e4, sek\u00e4 yksi scifi-tyyppinen ty\u00f6, joka alkaa kohta h\u00e4tyytell\u00e4 pienoisromaanin mittasuhteita.<\/p>\n<p>&nbsp;<\/p>\n<p>&nbsp;<\/p>\n<p>&nbsp;<\/p>\n<div class=\"pvc_clear\"><\/div>\n<p id=\"pvc_stats_36\" class=\"pvc_stats all  \" data-element-id=\"36\" style=\"\"><i class=\"pvc-stats-icon medium\" aria-hidden=\"true\"><svg aria-hidden=\"true\" focusable=\"false\" data-prefix=\"far\" data-icon=\"chart-bar\" role=\"img\" xmlns=\"http:\/\/www.w3.org\/2000\/svg\" viewBox=\"0 0 512 512\" class=\"svg-inline--fa fa-chart-bar fa-w-16 fa-2x\"><path fill=\"currentColor\" d=\"M396.8 352h22.4c6.4 0 12.8-6.4 12.8-12.8V108.8c0-6.4-6.4-12.8-12.8-12.8h-22.4c-6.4 0-12.8 6.4-12.8 12.8v230.4c0 6.4 6.4 12.8 12.8 12.8zm-192 0h22.4c6.4 0 12.8-6.4 12.8-12.8V140.8c0-6.4-6.4-12.8-12.8-12.8h-22.4c-6.4 0-12.8 6.4-12.8 12.8v198.4c0 6.4 6.4 12.8 12.8 12.8zm96 0h22.4c6.4 0 12.8-6.4 12.8-12.8V204.8c0-6.4-6.4-12.8-12.8-12.8h-22.4c-6.4 0-12.8 6.4-12.8 12.8v134.4c0 6.4 6.4 12.8 12.8 12.8zM496 400H48V80c0-8.84-7.16-16-16-16H16C7.16 64 0 71.16 0 80v336c0 17.67 14.33 32 32 32h464c8.84 0 16-7.16 16-16v-16c0-8.84-7.16-16-16-16zm-387.2-48h22.4c6.4 0 12.8-6.4 12.8-12.8v-70.4c0-6.4-6.4-12.8-12.8-12.8h-22.4c-6.4 0-12.8 6.4-12.8 12.8v70.4c0 6.4 6.4 12.8 12.8 12.8z\" class=\"\"><\/path><\/svg><\/i> <img loading=\"lazy\" decoding=\"async\" width=\"16\" height=\"16\" alt=\"Loading\" src=\"https:\/\/www.tulagihotel.com\/thfi\/wp-content\/plugins\/page-views-count\/ajax-loader-2x.gif\" border=0 \/><\/p>\n<div class=\"pvc_clear\"><\/div>\n","protected":false},"excerpt":{"rendered":"<p>Hotelli Tulagin lis\u00e4ksi olen\u00a0t\u00e4h\u00e4n menness\u00e4 kirjoittanut nelisenkymment\u00e4 novellia, joista kahdeksantoista on julkaistu Yhdysvalloissa kokoelmana Filtered Light and Other Stories. Kustantajani Englannissa julkaisi sen maaliskuussa 2016, ja kirjan kansi on t\u00e4ss\u00e4 vasemmalla. &nbsp; Sitruuna Kustannus julkaisi novellikokoelman suomeksi 25.10.2016, ja sen niminovelli &#8221;Viisto valo&#8221;on luettavissa ilmaiseksi t\u00e4ll\u00e4 sivustolla. Kokoelman k\u00e4\u00e4nsi Jaakko Kankaanp\u00e4\u00e4. Kirjan alaotsikko &#8221;novellilajitelma&#8221; kuvastaa [&hellip;]<\/p>\n<div class=\"pvc_clear\"><\/div>\n<p id=\"pvc_stats_36\" class=\"pvc_stats all  \" data-element-id=\"36\" style=\"\"><i class=\"pvc-stats-icon medium\" aria-hidden=\"true\"><svg aria-hidden=\"true\" focusable=\"false\" data-prefix=\"far\" data-icon=\"chart-bar\" role=\"img\" xmlns=\"http:\/\/www.w3.org\/2000\/svg\" viewBox=\"0 0 512 512\" class=\"svg-inline--fa fa-chart-bar fa-w-16 fa-2x\"><path fill=\"currentColor\" d=\"M396.8 352h22.4c6.4 0 12.8-6.4 12.8-12.8V108.8c0-6.4-6.4-12.8-12.8-12.8h-22.4c-6.4 0-12.8 6.4-12.8 12.8v230.4c0 6.4 6.4 12.8 12.8 12.8zm-192 0h22.4c6.4 0 12.8-6.4 12.8-12.8V140.8c0-6.4-6.4-12.8-12.8-12.8h-22.4c-6.4 0-12.8 6.4-12.8 12.8v198.4c0 6.4 6.4 12.8 12.8 12.8zm96 0h22.4c6.4 0 12.8-6.4 12.8-12.8V204.8c0-6.4-6.4-12.8-12.8-12.8h-22.4c-6.4 0-12.8 6.4-12.8 12.8v134.4c0 6.4 6.4 12.8 12.8 12.8zM496 400H48V80c0-8.84-7.16-16-16-16H16C7.16 64 0 71.16 0 80v336c0 17.67 14.33 32 32 32h464c8.84 0 16-7.16 16-16v-16c0-8.84-7.16-16-16-16zm-387.2-48h22.4c6.4 0 12.8-6.4 12.8-12.8v-70.4c0-6.4-6.4-12.8-12.8-12.8h-22.4c-6.4 0-12.8 6.4-12.8 12.8v70.4c0 6.4 6.4 12.8 12.8 12.8z\" class=\"\"><\/path><\/svg><\/i> <img loading=\"lazy\" decoding=\"async\" width=\"16\" height=\"16\" alt=\"Loading\" src=\"https:\/\/www.tulagihotel.com\/thfi\/wp-content\/plugins\/page-views-count\/ajax-loader-2x.gif\" border=0 \/><\/p>\n<div class=\"pvc_clear\"><\/div>\n","protected":false},"author":1,"featured_media":0,"parent":0,"menu_order":0,"comment_status":"open","ping_status":"open","template":"template-nosidebar.php","meta":{"jetpack_post_was_ever_published":false,"footnotes":""},"class_list":["post-36","page","type-page","status-publish","hentry","post-preview"],"jetpack_sharing_enabled":true,"jetpack_shortlink":"https:\/\/wp.me\/P6vaST-A","_links":{"self":[{"href":"https:\/\/www.tulagihotel.com\/thfi\/wp-json\/wp\/v2\/pages\/36","targetHints":{"allow":["GET"]}}],"collection":[{"href":"https:\/\/www.tulagihotel.com\/thfi\/wp-json\/wp\/v2\/pages"}],"about":[{"href":"https:\/\/www.tulagihotel.com\/thfi\/wp-json\/wp\/v2\/types\/page"}],"author":[{"embeddable":true,"href":"https:\/\/www.tulagihotel.com\/thfi\/wp-json\/wp\/v2\/users\/1"}],"replies":[{"embeddable":true,"href":"https:\/\/www.tulagihotel.com\/thfi\/wp-json\/wp\/v2\/comments?post=36"}],"version-history":[{"count":13,"href":"https:\/\/www.tulagihotel.com\/thfi\/wp-json\/wp\/v2\/pages\/36\/revisions"}],"predecessor-version":[{"id":207,"href":"https:\/\/www.tulagihotel.com\/thfi\/wp-json\/wp\/v2\/pages\/36\/revisions\/207"}],"wp:attachment":[{"href":"https:\/\/www.tulagihotel.com\/thfi\/wp-json\/wp\/v2\/media?parent=36"}],"curies":[{"name":"wp","href":"https:\/\/api.w.org\/{rel}","templated":true}]}}